{"id":8482,"date":"2024-08-19T17:20:05","date_gmt":"2024-08-19T22:20:05","guid":{"rendered":"https:\/\/tiendadalyes.com\/?post_type=product&#038;p=8482"},"modified":"2024-08-19T17:37:08","modified_gmt":"2024-08-19T22:37:08","slug":"gel-reductor","status":"publish","type":"product","link":"https:\/\/tiendadalyes.com\/index.php\/producto\/gel-reductor\/","title":{"rendered":"Gel Reductor"},"content":{"rendered":"<p>Moldea tu figura con nuestro Gel Reductor, dise\u00f1ado para ayudar a reducir medidas y tonificar \u00e1reas problem\u00e1ticas. Este gel, enriquecido con ingredientes activos, act\u00faa sobre la piel para mejorar su firmeza y elasticidad, mientras combate la apariencia de celulitis. Ideal para complementar tu rutina de ejercicio y cuidado personal, el Gel Reductor te ofrece una soluci\u00f3n efectiva para lograr una silueta m\u00e1s definida. \u00a1Incorpora este potente aliado a tu rutina y siente la diferencia!<\/p>\n","protected":false},"excerpt":{"rendered":"<p>Moldea tu figura con nuestro Gel Reductor, dise\u00f1ado para ayudar a reducir medidas y tonificar \u00e1reas problem\u00e1ticas. Este gel, enriquecido con ingredientes activos, act\u00faa sobre la piel para mejorar su firmeza y elasticidad, mientras combate la apariencia de celulitis. Ideal para complementar tu rutina de ejercicio y cuidado personal, el Gel Reductor te ofrece una [&hellip;]<\/p>\n","protected":false},"featured_media":8483,"comment_status":"open","ping_status":"closed","template":"","meta":{"_et_pb_use_builder":"","_et_pb_old_content":"","_et_gb_content_width":"","_joinchat":[]},"product_cat":[50],"product_tag":[55,61,63],"class_list":{"0":"post-8482","1":"product","2":"type-product","3":"status-publish","4":"has-post-thumbnail","6":"product_cat-cosmeticos","7":"product_tag-daly-espinoza","8":"product_tag-dalyes","9":"product_tag-gel-reductor","11":"first","12":"instock","13":"shipping-taxable","14":"purchasable","15":"product-type-simple"},"_links":{"self":[{"href":"https:\/\/tiendadalyes.com\/index.php\/wp-json\/wp\/v2\/product\/8482","targetHints":{"allow":["GET"]}}],"collection":[{"href":"https:\/\/tiendadalyes.com\/index.php\/wp-json\/wp\/v2\/product"}],"about":[{"href":"https:\/\/tiendadalyes.com\/index.php\/wp-json\/wp\/v2\/types\/product"}],"replies":[{"embeddable":true,"href":"https:\/\/tiendadalyes.com\/index.php\/wp-json\/wp\/v2\/comments?post=8482"}],"wp:featuredmedia":[{"embeddable":true,"href":"https:\/\/tiendadalyes.com\/index.php\/wp-json\/wp\/v2\/media\/8483"}],"wp:attachment":[{"href":"https:\/\/tiendadalyes.com\/index.php\/wp-json\/wp\/v2\/media?parent=8482"}],"wp:term":[{"taxonomy":"product_cat","embeddable":true,"href":"https:\/\/tiendadalyes.com\/index.php\/wp-json\/wp\/v2\/product_cat?post=8482"},{"taxonomy":"product_tag","embeddable":true,"href":"https:\/\/tiendadalyes.com\/index.php\/wp-json\/wp\/v2\/product_tag?post=8482"}],"curies":[{"name":"wp","href":"https:\/\/api.w.org\/{rel}","templated":true}]}}