{"id":8486,"date":"2024-08-19T17:36:29","date_gmt":"2024-08-19T22:36:29","guid":{"rendered":"https:\/\/tiendadalyes.com\/?post_type=product&#038;p=8486"},"modified":"2024-08-19T17:38:13","modified_gmt":"2024-08-19T22:38:13","slug":"oleo-iluminador","status":"publish","type":"product","link":"https:\/\/tiendadalyes.com\/index.php\/producto\/oleo-iluminador\/","title":{"rendered":"\u00d3leo Iluminador"},"content":{"rendered":"<p>Ilumina tu piel con nuestro \u00d3leo Iluminador, una mezcla lujosa que aporta un brillo radiante y natural. Formulado con aceites nutritivos, este \u00f3leo hidrata profundamente, dejando tu piel suave, resplandeciente y con un sutil acabado luminoso. Ideal para resaltar las zonas claves de tu cuerpo y darle un toque de glamour a tu rutina diaria, este \u00f3leo es perfecto para cualquier ocasi\u00f3n en la que quieras lucir una piel radiante y saludable. \u00a1A\u00f1ade un brillo especial a tu d\u00eda!<\/p>\n","protected":false},"excerpt":{"rendered":"<p>Ilumina tu piel con nuestro \u00d3leo Iluminador, una mezcla lujosa que aporta un brillo radiante y natural. Formulado con aceites nutritivos, este \u00f3leo hidrata profundamente, dejando tu piel suave, resplandeciente y con un sutil acabado luminoso. Ideal para resaltar las zonas claves de tu cuerpo y darle un toque de glamour a tu rutina diaria, [&hellip;]<\/p>\n","protected":false},"featured_media":8487,"comment_status":"open","ping_status":"closed","template":"","meta":{"_et_pb_use_builder":"","_et_pb_old_content":"","_et_gb_content_width":"","_joinchat":[]},"product_cat":[50],"product_tag":[55,61,65],"class_list":{"0":"post-8486","1":"product","2":"type-product","3":"status-publish","4":"has-post-thumbnail","6":"product_cat-cosmeticos","7":"product_tag-daly-espinoza","8":"product_tag-dalyes","9":"product_tag-oleo-illuminador","11":"first","12":"instock","13":"shipping-taxable","14":"purchasable","15":"product-type-simple"},"_links":{"self":[{"href":"https:\/\/tiendadalyes.com\/index.php\/wp-json\/wp\/v2\/product\/8486","targetHints":{"allow":["GET"]}}],"collection":[{"href":"https:\/\/tiendadalyes.com\/index.php\/wp-json\/wp\/v2\/product"}],"about":[{"href":"https:\/\/tiendadalyes.com\/index.php\/wp-json\/wp\/v2\/types\/product"}],"replies":[{"embeddable":true,"href":"https:\/\/tiendadalyes.com\/index.php\/wp-json\/wp\/v2\/comments?post=8486"}],"wp:featuredmedia":[{"embeddable":true,"href":"https:\/\/tiendadalyes.com\/index.php\/wp-json\/wp\/v2\/media\/8487"}],"wp:attachment":[{"href":"https:\/\/tiendadalyes.com\/index.php\/wp-json\/wp\/v2\/media?parent=8486"}],"wp:term":[{"taxonomy":"product_cat","embeddable":true,"href":"https:\/\/tiendadalyes.com\/index.php\/wp-json\/wp\/v2\/product_cat?post=8486"},{"taxonomy":"product_tag","embeddable":true,"href":"https:\/\/tiendadalyes.com\/index.php\/wp-json\/wp\/v2\/product_tag?post=8486"}],"curies":[{"name":"wp","href":"https:\/\/api.w.org\/{rel}","templated":true}]}}