{"id":8501,"date":"2024-08-26T10:10:16","date_gmt":"2024-08-26T15:10:16","guid":{"rendered":"https:\/\/tiendadalyes.com\/?post_type=product&#038;p=8501"},"modified":"2024-08-26T10:10:16","modified_gmt":"2024-08-26T15:10:16","slug":"ombligueros-de-silicona","status":"publish","type":"product","link":"https:\/\/tiendadalyes.com\/index.php\/producto\/ombligueros-de-silicona\/","title":{"rendered":"Ombligueros de Silicona"},"content":{"rendered":"<p>Nuestros ombligueros de silicona est\u00e1n dise\u00f1ados para proporcionar comodidad y protecci\u00f3n despu\u00e9s de procedimientos quir\u00fargicos en el \u00e1rea abdominal. Fabricados con silicona de grado m\u00e9dico, son suaves, flexibles y se adaptan perfectamente a la forma de tu ombligo, ayudando a mantener la zona limpia y protegida. Son ideales para usar despu\u00e9s de cirug\u00edas est\u00e9ticas como la abdominoplastia, evitando que la ropa o el roce irriten la zona tratada, y favoreciendo una mejor cicatrizaci\u00f3n. Reutilizables y f\u00e1ciles de limpiar, estos ombligueros son un complemento esencial en tu proceso de recuperaci\u00f3n postoperatoria.<\/p>\n","protected":false},"excerpt":{"rendered":"<p>Nuestros ombligueros de silicona est\u00e1n dise\u00f1ados para proporcionar comodidad y protecci\u00f3n despu\u00e9s de procedimientos quir\u00fargicos en el \u00e1rea abdominal. Fabricados con silicona de grado m\u00e9dico, son suaves, flexibles y se adaptan perfectamente a la forma de tu ombligo, ayudando a mantener la zona limpia y protegida. Son ideales para usar despu\u00e9s de cirug\u00edas est\u00e9ticas como [&hellip;]<\/p>\n","protected":false},"featured_media":8502,"comment_status":"open","ping_status":"closed","template":"","meta":{"_et_pb_use_builder":"","_et_pb_old_content":"","_et_gb_content_width":"","_joinchat":[]},"product_cat":[66],"product_tag":[55,61,67],"class_list":{"0":"post-8501","1":"product","2":"type-product","3":"status-publish","4":"has-post-thumbnail","6":"product_cat-accesorios","7":"product_tag-daly-espinoza","8":"product_tag-dalyes","9":"product_tag-ombligueros","11":"first","12":"instock","13":"shipping-taxable","14":"purchasable","15":"product-type-simple"},"_links":{"self":[{"href":"https:\/\/tiendadalyes.com\/index.php\/wp-json\/wp\/v2\/product\/8501","targetHints":{"allow":["GET"]}}],"collection":[{"href":"https:\/\/tiendadalyes.com\/index.php\/wp-json\/wp\/v2\/product"}],"about":[{"href":"https:\/\/tiendadalyes.com\/index.php\/wp-json\/wp\/v2\/types\/product"}],"replies":[{"embeddable":true,"href":"https:\/\/tiendadalyes.com\/index.php\/wp-json\/wp\/v2\/comments?post=8501"}],"wp:featuredmedia":[{"embeddable":true,"href":"https:\/\/tiendadalyes.com\/index.php\/wp-json\/wp\/v2\/media\/8502"}],"wp:attachment":[{"href":"https:\/\/tiendadalyes.com\/index.php\/wp-json\/wp\/v2\/media?parent=8501"}],"wp:term":[{"taxonomy":"product_cat","embeddable":true,"href":"https:\/\/tiendadalyes.com\/index.php\/wp-json\/wp\/v2\/product_cat?post=8501"},{"taxonomy":"product_tag","embeddable":true,"href":"https:\/\/tiendadalyes.com\/index.php\/wp-json\/wp\/v2\/product_tag?post=8501"}],"curies":[{"name":"wp","href":"https:\/\/api.w.org\/{rel}","templated":true}]}}