{"id":8527,"date":"2024-12-28T16:55:42","date_gmt":"2024-12-28T21:55:42","guid":{"rendered":"https:\/\/tiendadalyes.com\/?post_type=product&#038;p=8527"},"modified":"2024-12-28T17:07:31","modified_gmt":"2024-12-28T22:07:31","slug":"faja-ref-760","status":"publish","type":"product","link":"https:\/\/tiendadalyes.com\/index.php\/producto\/faja-ref-760\/","title":{"rendered":"Faja Ref: 760"},"content":{"rendered":"<ul>\n<li>Abrochadura de 3 hileras para graduar la posici\u00f3n a medida que el cuerpo va desinflamando.<\/li>\n<li>Encaje que ayuda a que no se te enrolle las fajas.<\/li>\n<li>Cierre perineal que te ayuda a dar una comodidad y facilidad a la hora de ir al ba\u00f1o.<\/li>\n<\/ul>\n","protected":false},"excerpt":{"rendered":"<p>Faja enteriza medicoquir\u00fargica de mangas largas y la rodilla esta dise\u00f1ada en una tela resistente para el cuidado de un Postquir\u00fargico y mantener una buena postura.<\/p>\n","protected":false},"featured_media":8540,"comment_status":"open","ping_status":"closed","template":"","meta":{"_et_pb_use_builder":"","_et_pb_old_content":"","_et_gb_content_width":"","_joinchat":[]},"product_cat":[49],"product_tag":[61,68,69,70],"class_list":{"0":"post-8527","1":"product","2":"type-product","3":"status-publish","4":"has-post-thumbnail","6":"product_cat-fajas","7":"product_tag-dalyes","8":"product_tag-fajas","9":"product_tag-fajas-colombianas","10":"product_tag-fajas-dalyes","12":"first","13":"instock","14":"shipping-taxable","15":"purchasable","16":"product-type-variable"},"_links":{"self":[{"href":"https:\/\/tiendadalyes.com\/index.php\/wp-json\/wp\/v2\/product\/8527","targetHints":{"allow":["GET"]}}],"collection":[{"href":"https:\/\/tiendadalyes.com\/index.php\/wp-json\/wp\/v2\/product"}],"about":[{"href":"https:\/\/tiendadalyes.com\/index.php\/wp-json\/wp\/v2\/types\/product"}],"replies":[{"embeddable":true,"href":"https:\/\/tiendadalyes.com\/index.php\/wp-json\/wp\/v2\/comments?post=8527"}],"wp:featuredmedia":[{"embeddable":true,"href":"https:\/\/tiendadalyes.com\/index.php\/wp-json\/wp\/v2\/media\/8540"}],"wp:attachment":[{"href":"https:\/\/tiendadalyes.com\/index.php\/wp-json\/wp\/v2\/media?parent=8527"}],"wp:term":[{"taxonomy":"product_cat","embeddable":true,"href":"https:\/\/tiendadalyes.com\/index.php\/wp-json\/wp\/v2\/product_cat?post=8527"},{"taxonomy":"product_tag","embeddable":true,"href":"https:\/\/tiendadalyes.com\/index.php\/wp-json\/wp\/v2\/product_tag?post=8527"}],"curies":[{"name":"wp","href":"https:\/\/api.w.org\/{rel}","templated":true}]}}