{"id":8542,"date":"2024-12-28T17:14:20","date_gmt":"2024-12-28T22:14:20","guid":{"rendered":"https:\/\/tiendadalyes.com\/?post_type=product&#038;p=8542"},"modified":"2024-12-28T17:20:40","modified_gmt":"2024-12-28T22:20:40","slug":"mentonera-mascara-ref-601","status":"publish","type":"product","link":"https:\/\/tiendadalyes.com\/index.php\/producto\/mentonera-mascara-ref-601\/","title":{"rendered":"Mentonera m\u00e1scara Ref: 601"},"content":{"rendered":"<ul style=\"font-weight: 400;\">\n<li>Corregir la papada.<\/li>\n<li>Minimiza la hinchaz\u00f3n del rostro.<\/li>\n<li>Contribuye a detener la p\u00e9rdida de sangre postoperatoria.<\/li>\n<li>Reafirma el cuello.<\/li>\n<\/ul>\n","protected":false},"excerpt":{"rendered":"<p>Mentonera m\u00e9dica quir\u00fargico dise\u00f1ada para estilizar el contorno del rostro<\/p>\n","protected":false},"featured_media":8543,"comment_status":"open","ping_status":"closed","template":"","meta":{"_et_pb_use_builder":"","_et_pb_old_content":"","_et_gb_content_width":"","_joinchat":[]},"product_cat":[76],"product_tag":[74],"class_list":{"0":"post-8542","1":"product","2":"type-product","3":"status-publish","4":"has-post-thumbnail","6":"product_cat-mentoneras-2","7":"product_tag-mentoneras","9":"first","10":"instock","11":"shipping-taxable","12":"purchasable","13":"product-type-simple"},"_links":{"self":[{"href":"https:\/\/tiendadalyes.com\/index.php\/wp-json\/wp\/v2\/product\/8542","targetHints":{"allow":["GET"]}}],"collection":[{"href":"https:\/\/tiendadalyes.com\/index.php\/wp-json\/wp\/v2\/product"}],"about":[{"href":"https:\/\/tiendadalyes.com\/index.php\/wp-json\/wp\/v2\/types\/product"}],"replies":[{"embeddable":true,"href":"https:\/\/tiendadalyes.com\/index.php\/wp-json\/wp\/v2\/comments?post=8542"}],"wp:featuredmedia":[{"embeddable":true,"href":"https:\/\/tiendadalyes.com\/index.php\/wp-json\/wp\/v2\/media\/8543"}],"wp:attachment":[{"href":"https:\/\/tiendadalyes.com\/index.php\/wp-json\/wp\/v2\/media?parent=8542"}],"wp:term":[{"taxonomy":"product_cat","embeddable":true,"href":"https:\/\/tiendadalyes.com\/index.php\/wp-json\/wp\/v2\/product_cat?post=8542"},{"taxonomy":"product_tag","embeddable":true,"href":"https:\/\/tiendadalyes.com\/index.php\/wp-json\/wp\/v2\/product_tag?post=8542"}],"curies":[{"name":"wp","href":"https:\/\/api.w.org\/{rel}","templated":true}]}}