{"id":8544,"date":"2024-12-28T17:20:11","date_gmt":"2024-12-28T22:20:11","guid":{"rendered":"https:\/\/tiendadalyes.com\/?post_type=product&#038;p=8544"},"modified":"2024-12-28T17:22:10","modified_gmt":"2024-12-28T22:22:10","slug":"banda-busto-ref-610","status":"publish","type":"product","link":"https:\/\/tiendadalyes.com\/index.php\/producto\/banda-busto-ref-610\/","title":{"rendered":"Banda busto Ref: 610"},"content":{"rendered":"","protected":false},"excerpt":{"rendered":"<p>Banda de senos medicoquirurgica est\u00e1 dise\u00f1ada de un material suave y resistente que te permite estabilizar y posicionar los implantes mamarios despu\u00e9s de un aumento de senos<\/p>\n","protected":false},"featured_media":8545,"comment_status":"open","ping_status":"closed","template":"","meta":{"_et_pb_use_builder":"","_et_pb_old_content":"","_et_gb_content_width":"","_joinchat":[]},"product_cat":[75],"product_tag":[77],"class_list":{"0":"post-8544","1":"product","2":"type-product","3":"status-publish","4":"has-post-thumbnail","6":"product_cat-bandas-de-senos","7":"product_tag-bandas","9":"first","10":"instock","11":"shipping-taxable","12":"purchasable","13":"product-type-simple"},"_links":{"self":[{"href":"https:\/\/tiendadalyes.com\/index.php\/wp-json\/wp\/v2\/product\/8544","targetHints":{"allow":["GET"]}}],"collection":[{"href":"https:\/\/tiendadalyes.com\/index.php\/wp-json\/wp\/v2\/product"}],"about":[{"href":"https:\/\/tiendadalyes.com\/index.php\/wp-json\/wp\/v2\/types\/product"}],"replies":[{"embeddable":true,"href":"https:\/\/tiendadalyes.com\/index.php\/wp-json\/wp\/v2\/comments?post=8544"}],"wp:featuredmedia":[{"embeddable":true,"href":"https:\/\/tiendadalyes.com\/index.php\/wp-json\/wp\/v2\/media\/8545"}],"wp:attachment":[{"href":"https:\/\/tiendadalyes.com\/index.php\/wp-json\/wp\/v2\/media?parent=8544"}],"wp:term":[{"taxonomy":"product_cat","embeddable":true,"href":"https:\/\/tiendadalyes.com\/index.php\/wp-json\/wp\/v2\/product_cat?post=8544"},{"taxonomy":"product_tag","embeddable":true,"href":"https:\/\/tiendadalyes.com\/index.php\/wp-json\/wp\/v2\/product_tag?post=8544"}],"curies":[{"name":"wp","href":"https:\/\/api.w.org\/{rel}","templated":true}]}}